{"id":12,"date":"2026-03-24T10:46:23","date_gmt":"2026-03-24T10:46:23","guid":{"rendered":"https:\/\/artikeauzoa.rkinformatika.online\/?page_id=12"},"modified":"2026-03-27T10:48:52","modified_gmt":"2026-03-27T10:48:52","slug":"servicios","status":"publish","type":"page","link":"https:\/\/artikeauzoa.com\/eu\/servicios\/","title":{"rendered":"Zerbitzuak"},"content":{"rendered":"<div data-elementor-type=\"wp-page\" data-elementor-id=\"12\" class=\"elementor elementor-12\" data-elementor-post-type=\"page\">\n\t\t\t\t<div class=\"elementor-element elementor-element-fc6913c e-flex e-con-boxed e-con e-parent\" data-id=\"fc6913c\" data-element_type=\"container\" data-e-type=\"container\" data-settings=\"{&quot;background_background&quot;:&quot;classic&quot;}\">\n\t\t\t\t\t<div class=\"e-con-inner\">\n\t\t\t\t\t<\/div>\n\t\t\t\t<\/div>\n\t\t<div class=\"elementor-element elementor-element-d47523e e-flex e-con-boxed e-con e-parent\" data-id=\"d47523e\" data-element_type=\"container\" data-e-type=\"container\">\n\t\t\t\t\t<div class=\"e-con-inner\">\n\t\t<div class=\"elementor-element elementor-element-b064a07 e-con-full e-flex e-con e-child\" data-id=\"b064a07\" data-element_type=\"container\" data-e-type=\"container\">\n\t\t\t\t<div class=\"elementor-element elementor-element-c6b6f11 elementor-widget elementor-widget-heading\" data-id=\"c6b6f11\" data-element_type=\"widget\" data-e-type=\"widget\" data-widget_type=\"heading.default\">\n\t\t\t\t\t<h2 class=\"elementor-heading-title elementor-size-default\">Lo que hacemos<\/h2>\t\t\t\t<\/div>\n\t\t\t\t<div class=\"elementor-element elementor-element-6c09f62 elementor-headline--style-highlight elementor-widget elementor-widget-animated-headline\" data-id=\"6c09f62\" data-element_type=\"widget\" data-e-type=\"widget\" data-settings=\"{&quot;marker&quot;:&quot;underline&quot;,&quot;highlighted_text&quot;:&quot;Desarrollamos viviendas y espacios comerciales pensados para la vida y los negocios&quot;,&quot;headline_style&quot;:&quot;highlight&quot;,&quot;loop&quot;:&quot;yes&quot;,&quot;highlight_animation_duration&quot;:1200,&quot;highlight_iteration_delay&quot;:8000}\" data-widget_type=\"animated-headline.default\">\n\t\t\t\t\t\t\t<h3 class=\"elementor-headline\">\n\t\t\t\t<span class=\"elementor-headline-dynamic-wrapper elementor-headline-text-wrapper\">\n\t\t\t\t\t<span class=\"elementor-headline-dynamic-text elementor-headline-text-active\">Desarrollamos viviendas y espacios comerciales pensados para la vida y los negocios<\/span>\n\t\t\t\t<\/span>\n\t\t\t\t<\/h3>\n\t\t\t\t\t\t<\/div>\n\t\t\t\t<\/div>\n\t\t\t\t\t<\/div>\n\t\t\t\t<\/div>\n\t\t<div class=\"elementor-element elementor-element-6fa7d25 e-flex e-con-boxed e-con e-parent\" data-id=\"6fa7d25\" data-element_type=\"container\" data-e-type=\"container\">\n\t\t\t\t\t<div class=\"e-con-inner\">\n\t\t<div class=\"elementor-element elementor-element-62bcd0c e-con-full e-flex e-con e-child\" data-id=\"62bcd0c\" data-element_type=\"container\" data-e-type=\"container\" data-settings=\"{&quot;background_background&quot;:&quot;classic&quot;}\">\n\t\t\t\t<div class=\"elementor-element elementor-element-ff3802d elementor-widget elementor-widget-image\" data-id=\"ff3802d\" data-element_type=\"widget\" data-e-type=\"widget\" data-widget_type=\"image.default\">\n\t\t\t\t\t\t\t\t\t\t\t\t\t\t\t<img fetchpriority=\"high\" decoding=\"async\" width=\"800\" height=\"518\" src=\"https:\/\/artikeauzoa.com\/wp-content\/uploads\/2026\/03\/Captura-desde-2026-03-25-12-49-22.png\" class=\"attachment-large size-large wp-image-493\" alt=\"\" srcset=\"https:\/\/artikeauzoa.com\/wp-content\/uploads\/2026\/03\/Captura-desde-2026-03-25-12-49-22.png 845w, https:\/\/artikeauzoa.com\/wp-content\/uploads\/2026\/03\/Captura-desde-2026-03-25-12-49-22-300x194.png 300w, https:\/\/artikeauzoa.com\/wp-content\/uploads\/2026\/03\/Captura-desde-2026-03-25-12-49-22-768x497.png 768w, https:\/\/artikeauzoa.com\/wp-content\/uploads\/2026\/03\/Captura-desde-2026-03-25-12-49-22-18x12.png 18w\" sizes=\"(max-width: 800px) 100vw, 800px\" \/>\t\t\t\t\t\t\t\t\t\t\t\t\t\t\t<\/div>\n\t\t\t\t<div class=\"elementor-element elementor-element-fb3ab82 elementor-widget elementor-widget-heading\" data-id=\"fb3ab82\" data-element_type=\"widget\" data-e-type=\"widget\" data-widget_type=\"heading.default\">\n\t\t\t\t\t<h2 class=\"elementor-heading-title elementor-size-default\">Promoci\u00f3n y desarrollo de viviendas<\/h2>\t\t\t\t<\/div>\n\t\t\t\t<div class=\"elementor-element elementor-element-d427a95 elementor-widget elementor-widget-text-editor\" data-id=\"d427a95\" data-element_type=\"widget\" data-e-type=\"widget\" data-widget_type=\"text-editor.default\">\n\t\t\t\t\t\t\t\t\t<p>Creamos proyectos residenciales combinando dise\u00f1o, funcionalidad y calidad.<\/p>\t\t\t\t\t\t\t\t<\/div>\n\t\t\t\t<\/div>\n\t\t<div class=\"elementor-element elementor-element-2c46bba e-con-full e-flex e-con e-child\" data-id=\"2c46bba\" data-element_type=\"container\" data-e-type=\"container\" data-settings=\"{&quot;background_background&quot;:&quot;classic&quot;}\">\n\t\t\t\t<div class=\"elementor-element elementor-element-6c96f32 elementor-widget elementor-widget-image\" data-id=\"6c96f32\" data-element_type=\"widget\" data-e-type=\"widget\" data-widget_type=\"image.default\">\n\t\t\t\t\t\t\t\t\t\t\t\t\t\t\t<img decoding=\"async\" width=\"800\" height=\"518\" src=\"https:\/\/artikeauzoa.com\/wp-content\/uploads\/2026\/03\/Captura-desde-2026-03-25-12-49-18.png\" class=\"attachment-large size-large wp-image-494\" alt=\"\" srcset=\"https:\/\/artikeauzoa.com\/wp-content\/uploads\/2026\/03\/Captura-desde-2026-03-25-12-49-18.png 845w, https:\/\/artikeauzoa.com\/wp-content\/uploads\/2026\/03\/Captura-desde-2026-03-25-12-49-18-300x194.png 300w, https:\/\/artikeauzoa.com\/wp-content\/uploads\/2026\/03\/Captura-desde-2026-03-25-12-49-18-768x497.png 768w, https:\/\/artikeauzoa.com\/wp-content\/uploads\/2026\/03\/Captura-desde-2026-03-25-12-49-18-18x12.png 18w\" sizes=\"(max-width: 800px) 100vw, 800px\" \/>\t\t\t\t\t\t\t\t\t\t\t\t\t\t\t<\/div>\n\t\t\t\t<div class=\"elementor-element elementor-element-b8b47cf elementor-widget elementor-widget-heading\" data-id=\"b8b47cf\" data-element_type=\"widget\" data-e-type=\"widget\" data-widget_type=\"heading.default\">\n\t\t\t\t\t<h2 class=\"elementor-heading-title elementor-size-default\">Construcci\u00f3n de viviendas<\/h2>\t\t\t\t<\/div>\n\t\t\t\t<div class=\"elementor-element elementor-element-64c721a elementor-widget elementor-widget-text-editor\" data-id=\"64c721a\" data-element_type=\"widget\" data-e-type=\"widget\" data-widget_type=\"text-editor.default\">\n\t\t\t\t\t\t\t\t\t<p>Materiales de primera, atenci\u00f3n al detalle y proyectos llave en mano.<\/p>\t\t\t\t\t\t\t\t<\/div>\n\t\t\t\t<\/div>\n\t\t<div class=\"elementor-element elementor-element-5f15cf0 e-con-full e-flex e-con e-child\" data-id=\"5f15cf0\" data-element_type=\"container\" data-e-type=\"container\" data-settings=\"{&quot;background_background&quot;:&quot;classic&quot;}\">\n\t\t\t\t<div class=\"elementor-element elementor-element-5bc3e0f elementor-widget elementor-widget-image\" data-id=\"5bc3e0f\" data-element_type=\"widget\" data-e-type=\"widget\" data-widget_type=\"image.default\">\n\t\t\t\t\t\t\t\t\t\t\t\t\t\t\t<img decoding=\"async\" width=\"800\" height=\"518\" src=\"https:\/\/artikeauzoa.com\/wp-content\/uploads\/2026\/03\/Captura-desde-2026-03-25-12-51-15.png\" class=\"attachment-large size-large wp-image-492\" alt=\"\" srcset=\"https:\/\/artikeauzoa.com\/wp-content\/uploads\/2026\/03\/Captura-desde-2026-03-25-12-51-15.png 845w, https:\/\/artikeauzoa.com\/wp-content\/uploads\/2026\/03\/Captura-desde-2026-03-25-12-51-15-300x194.png 300w, https:\/\/artikeauzoa.com\/wp-content\/uploads\/2026\/03\/Captura-desde-2026-03-25-12-51-15-768x497.png 768w, https:\/\/artikeauzoa.com\/wp-content\/uploads\/2026\/03\/Captura-desde-2026-03-25-12-51-15-18x12.png 18w\" sizes=\"(max-width: 800px) 100vw, 800px\" \/>\t\t\t\t\t\t\t\t\t\t\t\t\t\t\t<\/div>\n\t\t\t\t<div class=\"elementor-element elementor-element-75aa98e elementor-widget elementor-widget-heading\" data-id=\"75aa98e\" data-element_type=\"widget\" data-e-type=\"widget\" data-widget_type=\"heading.default\">\n\t\t\t\t\t<h2 class=\"elementor-heading-title elementor-size-default\">Alquiler de locales comerciales<\/h2>\t\t\t\t<\/div>\n\t\t\t\t<div class=\"elementor-element elementor-element-2fb2f38 elementor-widget elementor-widget-text-editor\" data-id=\"2fb2f38\" data-element_type=\"widget\" data-e-type=\"widget\" data-widget_type=\"text-editor.default\">\n\t\t\t\t\t\t\t\t\t<p>Locales adaptados a negocios, ubicaciones estrat\u00e9gicas y versatilidad.<\/p>\t\t\t\t\t\t\t\t<\/div>\n\t\t\t\t<\/div>\n\t\t\t\t\t<\/div>\n\t\t\t\t<\/div>\n\t\t<div class=\"elementor-element elementor-element-2f29d89 e-flex e-con-boxed e-con e-parent\" data-id=\"2f29d89\" data-element_type=\"container\" data-e-type=\"container\">\n\t\t\t\t\t<div class=\"e-con-inner\">\n\t\t<div class=\"elementor-element elementor-element-ae5e760 e-con-full e-flex e-con e-child\" data-id=\"ae5e760\" data-element_type=\"container\" data-e-type=\"container\">\n\t\t\t\t<div class=\"elementor-element elementor-element-3551921 elementor-widget elementor-widget-heading\" data-id=\"3551921\" data-element_type=\"widget\" data-e-type=\"widget\" data-widget_type=\"heading.default\">\n\t\t\t\t\t<h2 class=\"elementor-heading-title elementor-size-default\">Inspiraci\u00f3n para tu proyecto<\/h2>\t\t\t\t<\/div>\n\t\t\t\t<div class=\"elementor-element elementor-element-4e18d3b elementor-widget elementor-widget-eael-image-accordion\" data-id=\"4e18d3b\" data-element_type=\"widget\" data-e-type=\"widget\" data-widget_type=\"eael-image-accordion.default\">\n\t\t\t\t\t    <div class=\"eael-img-accordion accordion-direction-horizontal eael-img-accordion-horizontal-align-center eael-img-accordion-vertical-align-center\" id=\"eael-img-accordion-4e18d3b\" data-img-accordion-id=\"4e18d3b\" data-img-accordion-type=\"on-hover\">\n                    \n            <div class=\"eael-image-accordion-hover eael-image-accordion-item\" style=\"background-image: url(https:\/\/artikeauzoa.com\/wp-content\/uploads\/2026\/03\/imgi_1_uri_ifs3A2F2FM2F0a58ad05-c9bc-419b-b2ee-8cebf197aea2.webp);\"  tabindex=\"0\">\n                <div class=\"overlay\">\n                                        <div class=\"overlay-inner\">\n                        <h2 class=\"img-accordion-title\">Vivienda moderna y acogedora<\/h2>                    <\/div>\n                <\/div>\n            <\/div>\n                    \n            <div class=\"eael-image-accordion-hover eael-image-accordion-item\" style=\"background-image: url(https:\/\/artikeauzoa.com\/wp-content\/uploads\/2026\/03\/imgi_16_canva-MAHC1Cmg2AQ.jpg);\"  tabindex=\"0\">\n                <div class=\"overlay\">\n                                        <div class=\"overlay-inner\">\n                        <h2 class=\"img-accordion-title\">Espacios minimalistas y funcionales<\/h2>                    <\/div>\n                <\/div>\n            <\/div>\n                    \n            <div class=\"eael-image-accordion-hover eael-image-accordion-item\" style=\"background-image: url(https:\/\/artikeauzoa.com\/wp-content\/uploads\/2026\/03\/imgi_1_canva-sin-titulo-MAG7Dj7TT4s.jpg);\"  tabindex=\"0\">\n                <div class=\"overlay\">\n                                        <div class=\"overlay-inner\">\n                        <h2 class=\"img-accordion-title\">Hogar familiar con car\u00e1cter<\/h2>                    <\/div>\n                <\/div>\n            <\/div>\n                    \n            <div class=\"eael-image-accordion-hover eael-image-accordion-item\" style=\"background-image: url(https:\/\/artikeauzoa.com\/wp-content\/uploads\/2026\/03\/imgi_1_canva-a-view-of-tall-apartment-buildings-MAEy6Y4tNBc.jpg);\"  tabindex=\"0\">\n                <div class=\"overlay\">\n                                        <div class=\"overlay-inner\">\n                        <h2 class=\"img-accordion-title\">Viviendas urbanas con estilo<\/h2>                    <\/div>\n                <\/div>\n            <\/div>\n                <\/div>\n        <style typr=\"text\/css\">\n                    #eael-img-accordion-4e18d3b .eael-image-accordion-hover:hover {\n                        flex: 3 1 0% !important;\n                    }\n                    #eael-img-accordion-4e18d3b .eael-image-accordion-hover:hover:hover .overlay-inner * {\n                        opacity: 1;\n                        visibility: visible;\n                        transform: none;\n                        transition: all .3s .3s;\n                    }\n                <\/style>\t\t\t\t<\/div>\n\t\t\t\t<\/div>\n\t\t\t\t\t<\/div>\n\t\t\t\t<\/div>\n\t\t<div class=\"elementor-element elementor-element-83b0404 e-flex e-con-boxed e-con e-parent\" data-id=\"83b0404\" data-element_type=\"container\" data-e-type=\"container\" data-settings=\"{&quot;background_background&quot;:&quot;classic&quot;,&quot;shape_divider_bottom&quot;:&quot;tilt&quot;}\">\n\t\t\t\t\t<div class=\"e-con-inner\">\n\t\t\t\t<div class=\"elementor-shape elementor-shape-bottom\" aria-hidden=\"true\" data-negative=\"false\">\n\t\t\t<svg xmlns=\"http:\/\/www.w3.org\/2000\/svg\" viewbox=\"0 0 1000 100\" preserveaspectratio=\"none\">\n\t<path class=\"elementor-shape-fill\" d=\"M0,6V0h1000v100L0,6z\"\/>\n<\/svg>\t\t<\/div>\n\t\t\t\t\t<\/div>\n\t\t\t\t<\/div>\n\t\t<div class=\"elementor-element elementor-element-c899d34 e-flex e-con-boxed e-con e-parent\" data-id=\"c899d34\" data-element_type=\"container\" data-e-type=\"container\" data-settings=\"{&quot;background_background&quot;:&quot;classic&quot;}\">\n\t\t\t\t\t<div class=\"e-con-inner\">\n\t\t\t\t<div class=\"elementor-element elementor-element-39da030 elementor-widget elementor-widget-heading\" data-id=\"39da030\" data-element_type=\"widget\" data-e-type=\"widget\" data-widget_type=\"heading.default\">\n\t\t\t\t\t<h2 class=\"elementor-heading-title elementor-size-default\">Hablemos de tu proyecto: ponte en contacto con nosotros<\/h2>\t\t\t\t<\/div>\n\t\t\t\t<div class=\"elementor-element elementor-element-74fec27 elementor-widget elementor-widget-button\" data-id=\"74fec27\" data-element_type=\"widget\" data-e-type=\"widget\" data-widget_type=\"button.default\">\n\t\t\t\t\t\t\t\t\t\t<a class=\"elementor-button elementor-button-link elementor-size-sm\" href=\"\/eu\/contacto\/\">\n\t\t\t\t\t\t<span class=\"elementor-button-content-wrapper\">\n\t\t\t\t\t\t\t\t\t<span class=\"elementor-button-text\">Kontaktua<\/span>\n\t\t\t\t\t<\/span>\n\t\t\t\t\t<\/a>\n\t\t\t\t\t\t\t\t<\/div>\n\t\t\t\t\t<\/div>\n\t\t\t\t<\/div>\n\t\t\t\t<\/div>","protected":false},"excerpt":{"rendered":"<p>Lo que hacemos Desarrollamos viviendas y espacios comerciales pensados para la vida y los negocios Promoci\u00f3n y desarrollo de viviendas Creamos proyectos residenciales combinando dise\u00f1o, funcionalidad y calidad. Construcci\u00f3n de viviendas Materiales de primera, atenci\u00f3n al detalle y proyectos llave en mano. Alquiler de locales comerciales Locales adaptados a negocios, ubicaciones estrat\u00e9gicas y versatilidad. Inspiraci\u00f3n [&hellip;]<\/p>\n","protected":false},"author":1,"featured_media":0,"parent":0,"menu_order":0,"comment_status":"closed","ping_status":"closed","template":"elementor_canvas","meta":{"footnotes":""},"class_list":["post-12","page","type-page","status-publish","hentry"],"yoast_head":"<!-- This site is optimized with the Yoast SEO plugin v27.5 - https:\/\/yoast.com\/product\/yoast-seo-wordpress\/ -->\n<title>Servicios - Artike Auzoa, S.A<\/title>\n<meta name=\"robots\" content=\"index, follow, max-snippet:-1, max-image-preview:large, max-video-preview:-1\" \/>\n<link rel=\"canonical\" href=\"https:\/\/artikeauzoa.com\/eu\/servicios\/\" \/>\n<meta property=\"og:locale\" content=\"en_US\" \/>\n<meta property=\"og:type\" content=\"article\" \/>\n<meta property=\"og:title\" content=\"Servicios - Artike Auzoa, S.A\" \/>\n<meta property=\"og:description\" content=\"Lo que hacemos Desarrollamos viviendas y espacios comerciales pensados para la vida y los negocios Promoci\u00f3n y desarrollo de viviendas Creamos proyectos residenciales combinando dise\u00f1o, funcionalidad y calidad. Construcci\u00f3n de viviendas Materiales de primera, atenci\u00f3n al detalle y proyectos llave en mano. Alquiler de locales comerciales Locales adaptados a negocios, ubicaciones estrat\u00e9gicas y versatilidad. Inspiraci\u00f3n [&hellip;]\" \/>\n<meta property=\"og:url\" content=\"https:\/\/artikeauzoa.com\/eu\/servicios\/\" \/>\n<meta property=\"og:site_name\" content=\"Artike Auzoa, S.A\" \/>\n<meta property=\"article:modified_time\" content=\"2026-03-27T10:48:52+00:00\" \/>\n<meta property=\"og:image\" content=\"https:\/\/artikeauzoa.com\/wp-content\/uploads\/2026\/03\/Captura-desde-2026-03-25-12-49-22.png\" \/>\n\t<meta property=\"og:image:width\" content=\"845\" \/>\n\t<meta property=\"og:image:height\" content=\"547\" \/>\n\t<meta property=\"og:image:type\" content=\"image\/png\" \/>\n<meta name=\"twitter:card\" content=\"summary_large_image\" \/>\n<meta name=\"twitter:label1\" content=\"Est. reading time\" \/>\n\t<meta name=\"twitter:data1\" content=\"1 minutua\" \/>\n<script type=\"application\/ld+json\" class=\"yoast-schema-graph\">{\"@context\":\"https:\\\/\\\/schema.org\",\"@graph\":[{\"@type\":\"WebPage\",\"@id\":\"https:\\\/\\\/artikeauzoa.com\\\/servicios\\\/\",\"url\":\"https:\\\/\\\/artikeauzoa.com\\\/servicios\\\/\",\"name\":\"Servicios - Artike Auzoa, S.A\",\"isPartOf\":{\"@id\":\"https:\\\/\\\/artikeauzoa.com\\\/#website\"},\"primaryImageOfPage\":{\"@id\":\"https:\\\/\\\/artikeauzoa.com\\\/servicios\\\/#primaryimage\"},\"image\":{\"@id\":\"https:\\\/\\\/artikeauzoa.com\\\/servicios\\\/#primaryimage\"},\"thumbnailUrl\":\"https:\\\/\\\/artikeauzoa.com\\\/wp-content\\\/uploads\\\/2026\\\/03\\\/Captura-desde-2026-03-25-12-49-22.png\",\"datePublished\":\"2026-03-24T10:46:23+00:00\",\"dateModified\":\"2026-03-27T10:48:52+00:00\",\"breadcrumb\":{\"@id\":\"https:\\\/\\\/artikeauzoa.com\\\/servicios\\\/#breadcrumb\"},\"inLanguage\":\"eu\",\"potentialAction\":[{\"@type\":\"ReadAction\",\"target\":[\"https:\\\/\\\/artikeauzoa.com\\\/servicios\\\/\"]}]},{\"@type\":\"ImageObject\",\"inLanguage\":\"eu\",\"@id\":\"https:\\\/\\\/artikeauzoa.com\\\/servicios\\\/#primaryimage\",\"url\":\"https:\\\/\\\/artikeauzoa.com\\\/wp-content\\\/uploads\\\/2026\\\/03\\\/Captura-desde-2026-03-25-12-49-22.png\",\"contentUrl\":\"https:\\\/\\\/artikeauzoa.com\\\/wp-content\\\/uploads\\\/2026\\\/03\\\/Captura-desde-2026-03-25-12-49-22.png\"},{\"@type\":\"BreadcrumbList\",\"@id\":\"https:\\\/\\\/artikeauzoa.com\\\/servicios\\\/#breadcrumb\",\"itemListElement\":[{\"@type\":\"ListItem\",\"position\":1,\"name\":\"Portada\",\"item\":\"https:\\\/\\\/artikeauzoa.com\\\/\"},{\"@type\":\"ListItem\",\"position\":2,\"name\":\"Servicios\"}]},{\"@type\":\"WebSite\",\"@id\":\"https:\\\/\\\/artikeauzoa.com\\\/#website\",\"url\":\"https:\\\/\\\/artikeauzoa.com\\\/\",\"name\":\"Artike Auzoa, S.A\",\"description\":\"Promoci\u00f3n, construcci\u00f3n y alquiler de viviendas\",\"publisher\":{\"@id\":\"https:\\\/\\\/artikeauzoa.com\\\/#organization\"},\"potentialAction\":[{\"@type\":\"SearchAction\",\"target\":{\"@type\":\"EntryPoint\",\"urlTemplate\":\"https:\\\/\\\/artikeauzoa.com\\\/?s={search_term_string}\"},\"query-input\":{\"@type\":\"PropertyValueSpecification\",\"valueRequired\":true,\"valueName\":\"search_term_string\"}}],\"inLanguage\":\"eu\"},{\"@type\":\"Organization\",\"@id\":\"https:\\\/\\\/artikeauzoa.com\\\/#organization\",\"name\":\"Artike Auzoa, S.A\",\"url\":\"https:\\\/\\\/artikeauzoa.com\\\/\",\"logo\":{\"@type\":\"ImageObject\",\"inLanguage\":\"eu\",\"@id\":\"https:\\\/\\\/artikeauzoa.com\\\/#\\\/schema\\\/logo\\\/image\\\/\",\"url\":\"https:\\\/\\\/artikeauzoa.com\\\/wp-content\\\/uploads\\\/2026\\\/03\\\/cropped-1.png\",\"contentUrl\":\"https:\\\/\\\/artikeauzoa.com\\\/wp-content\\\/uploads\\\/2026\\\/03\\\/cropped-1.png\",\"width\":1239,\"height\":786,\"caption\":\"Artike Auzoa, S.A\"},\"image\":{\"@id\":\"https:\\\/\\\/artikeauzoa.com\\\/#\\\/schema\\\/logo\\\/image\\\/\"}}]}<\/script>\n<!-- \/ Yoast SEO plugin. -->","yoast_head_json":{"title":"Servicios - Artike Auzoa, S.A","robots":{"index":"index","follow":"follow","max-snippet":"max-snippet:-1","max-image-preview":"max-image-preview:large","max-video-preview":"max-video-preview:-1"},"canonical":"https:\/\/artikeauzoa.com\/eu\/servicios\/","og_locale":"en_US","og_type":"article","og_title":"Servicios - Artike Auzoa, S.A","og_description":"Lo que hacemos Desarrollamos viviendas y espacios comerciales pensados para la vida y los negocios Promoci\u00f3n y desarrollo de viviendas Creamos proyectos residenciales combinando dise\u00f1o, funcionalidad y calidad. Construcci\u00f3n de viviendas Materiales de primera, atenci\u00f3n al detalle y proyectos llave en mano. Alquiler de locales comerciales Locales adaptados a negocios, ubicaciones estrat\u00e9gicas y versatilidad. Inspiraci\u00f3n [&hellip;]","og_url":"https:\/\/artikeauzoa.com\/eu\/servicios\/","og_site_name":"Artike Auzoa, S.A","article_modified_time":"2026-03-27T10:48:52+00:00","og_image":[{"width":845,"height":547,"url":"https:\/\/artikeauzoa.com\/wp-content\/uploads\/2026\/03\/Captura-desde-2026-03-25-12-49-22.png","type":"image\/png"}],"twitter_card":"summary_large_image","twitter_misc":{"Est. reading time":"1 minutua"},"schema":{"@context":"https:\/\/schema.org","@graph":[{"@type":"WebPage","@id":"https:\/\/artikeauzoa.com\/servicios\/","url":"https:\/\/artikeauzoa.com\/servicios\/","name":"Servicios - Artike Auzoa, S.A","isPartOf":{"@id":"https:\/\/artikeauzoa.com\/#website"},"primaryImageOfPage":{"@id":"https:\/\/artikeauzoa.com\/servicios\/#primaryimage"},"image":{"@id":"https:\/\/artikeauzoa.com\/servicios\/#primaryimage"},"thumbnailUrl":"https:\/\/artikeauzoa.com\/wp-content\/uploads\/2026\/03\/Captura-desde-2026-03-25-12-49-22.png","datePublished":"2026-03-24T10:46:23+00:00","dateModified":"2026-03-27T10:48:52+00:00","breadcrumb":{"@id":"https:\/\/artikeauzoa.com\/servicios\/#breadcrumb"},"inLanguage":"eu","potentialAction":[{"@type":"ReadAction","target":["https:\/\/artikeauzoa.com\/servicios\/"]}]},{"@type":"ImageObject","inLanguage":"eu","@id":"https:\/\/artikeauzoa.com\/servicios\/#primaryimage","url":"https:\/\/artikeauzoa.com\/wp-content\/uploads\/2026\/03\/Captura-desde-2026-03-25-12-49-22.png","contentUrl":"https:\/\/artikeauzoa.com\/wp-content\/uploads\/2026\/03\/Captura-desde-2026-03-25-12-49-22.png"},{"@type":"BreadcrumbList","@id":"https:\/\/artikeauzoa.com\/servicios\/#breadcrumb","itemListElement":[{"@type":"ListItem","position":1,"name":"Portada","item":"https:\/\/artikeauzoa.com\/"},{"@type":"ListItem","position":2,"name":"Servicios"}]},{"@type":"WebSite","@id":"https:\/\/artikeauzoa.com\/#website","url":"https:\/\/artikeauzoa.com\/","name":"Artike Auzoa, S.A","description":"Promoci\u00f3n, construcci\u00f3n y alquiler de viviendas","publisher":{"@id":"https:\/\/artikeauzoa.com\/#organization"},"potentialAction":[{"@type":"SearchAction","target":{"@type":"EntryPoint","urlTemplate":"https:\/\/artikeauzoa.com\/?s={search_term_string}"},"query-input":{"@type":"PropertyValueSpecification","valueRequired":true,"valueName":"search_term_string"}}],"inLanguage":"eu"},{"@type":"Organization","@id":"https:\/\/artikeauzoa.com\/#organization","name":"Artike Auzoa, S.A","url":"https:\/\/artikeauzoa.com\/","logo":{"@type":"ImageObject","inLanguage":"eu","@id":"https:\/\/artikeauzoa.com\/#\/schema\/logo\/image\/","url":"https:\/\/artikeauzoa.com\/wp-content\/uploads\/2026\/03\/cropped-1.png","contentUrl":"https:\/\/artikeauzoa.com\/wp-content\/uploads\/2026\/03\/cropped-1.png","width":1239,"height":786,"caption":"Artike Auzoa, S.A"},"image":{"@id":"https:\/\/artikeauzoa.com\/#\/schema\/logo\/image\/"}}]}},"_links":{"self":[{"href":"https:\/\/artikeauzoa.com\/eu\/wp-json\/wp\/v2\/pages\/12","targetHints":{"allow":["GET"]}}],"collection":[{"href":"https:\/\/artikeauzoa.com\/eu\/wp-json\/wp\/v2\/pages"}],"about":[{"href":"https:\/\/artikeauzoa.com\/eu\/wp-json\/wp\/v2\/types\/page"}],"author":[{"embeddable":true,"href":"https:\/\/artikeauzoa.com\/eu\/wp-json\/wp\/v2\/users\/1"}],"replies":[{"embeddable":true,"href":"https:\/\/artikeauzoa.com\/eu\/wp-json\/wp\/v2\/comments?post=12"}],"version-history":[{"count":172,"href":"https:\/\/artikeauzoa.com\/eu\/wp-json\/wp\/v2\/pages\/12\/revisions"}],"predecessor-version":[{"id":701,"href":"https:\/\/artikeauzoa.com\/eu\/wp-json\/wp\/v2\/pages\/12\/revisions\/701"}],"wp:attachment":[{"href":"https:\/\/artikeauzoa.com\/eu\/wp-json\/wp\/v2\/media?parent=12"}],"curies":[{"name":"wp","href":"https:\/\/api.w.org\/{rel}","templated":true}]}}