{"id":9,"date":"2026-03-24T10:38:44","date_gmt":"2026-03-24T10:38:44","guid":{"rendered":"https:\/\/artikeauzoa.rkinformatika.online\/?page_id=9"},"modified":"2026-03-27T10:44:25","modified_gmt":"2026-03-27T10:44:25","slug":"inicio","status":"publish","type":"page","link":"https:\/\/artikeauzoa.com\/eu\/","title":{"rendered":"Hasiera"},"content":{"rendered":"<div data-elementor-type=\"wp-page\" data-elementor-id=\"9\" class=\"elementor elementor-9\" data-elementor-post-type=\"page\">\n\t\t\t\t<div class=\"elementor-element elementor-element-1b61f3f e-flex e-con-boxed e-con e-parent\" data-id=\"1b61f3f\" data-element_type=\"container\" data-e-type=\"container\" data-settings=\"{&quot;background_background&quot;:&quot;classic&quot;}\">\n\t\t\t\t\t<div class=\"e-con-inner\">\n\t\t\t\t<div class=\"elementor-element elementor-element-885fbf5 elementor-widget elementor-widget-heading\" data-id=\"885fbf5\" data-element_type=\"widget\" data-e-type=\"widget\" data-widget_type=\"heading.default\">\n\t\t\t\t\t<h2 class=\"elementor-heading-title elementor-size-default\">Artike Auzoa<\/h2>\t\t\t\t<\/div>\n\t\t\t\t<div class=\"elementor-element elementor-element-9578f0a elementor-widget elementor-widget-text-editor\" data-id=\"9578f0a\" data-element_type=\"widget\" data-e-type=\"widget\" data-widget_type=\"text-editor.default\">\n\t\t\t\t\t\t\t\t\t<p>Espezialistak etxebizitzen sustapenean eta eraikuntzan, bai eta lokalen alokairuan ere.<\/p>\t\t\t\t\t\t\t\t<\/div>\n\t\t\t\t<div class=\"elementor-element elementor-element-3beb6d5 elementor-widget elementor-widget-button\" data-id=\"3beb6d5\" data-element_type=\"widget\" data-e-type=\"widget\" data-widget_type=\"button.default\">\n\t\t\t\t\t\t\t\t\t\t<a class=\"elementor-button elementor-button-link elementor-size-sm\" href=\"\/eu\/servicios\/\">\n\t\t\t\t\t\t<span class=\"elementor-button-content-wrapper\">\n\t\t\t\t\t\t\t\t\t<span class=\"elementor-button-text\">Zerbitzuak<\/span>\n\t\t\t\t\t<\/span>\n\t\t\t\t\t<\/a>\n\t\t\t\t\t\t\t\t<\/div>\n\t\t\t\t\t<\/div>\n\t\t\t\t<\/div>\n\t\t<div class=\"elementor-element elementor-element-f035874 e-flex e-con-boxed e-con e-parent\" data-id=\"f035874\" data-element_type=\"container\" data-e-type=\"container\">\n\t\t\t\t\t<div class=\"e-con-inner\">\n\t\t<div class=\"elementor-element elementor-element-2e7ac4d e-con-full e-flex e-con e-child\" data-id=\"2e7ac4d\" data-element_type=\"container\" data-e-type=\"container\">\n\t\t\t\t<div class=\"elementor-element elementor-element-56967c9 elementor-widget elementor-widget-heading\" data-id=\"56967c9\" data-element_type=\"widget\" data-e-type=\"widget\" data-widget_type=\"heading.default\">\n\t\t\t\t\t<h2 class=\"elementor-heading-title elementor-size-default\">Nor Garen eta Zer Egiten Dugun<\/h2>\t\t\t\t<\/div>\n\t\t\t\t<div class=\"elementor-element elementor-element-a95985a elementor-widget elementor-widget-text-editor\" data-id=\"a95985a\" data-element_type=\"widget\" data-e-type=\"widget\" data-widget_type=\"text-editor.default\">\n\t\t\t\t\t\t\t\t\t<p>Artike auzoan etxebizitzen sustapenean eta eraikuntzan espezializatu ginen, kalitatea, diseinua eta funtzionaltasuna uztartzen dituzten proiektuak garatuz. Pertsonen ongizaterako eta erosotasunerako pentsatutako espazioak sortzen ditugu.<\/p>\t\t\t\t\t\t\t\t<\/div>\n\t\t\t\t<\/div>\n\t\t<div class=\"elementor-element elementor-element-30a54fe e-con-full e-flex e-con e-child\" data-id=\"30a54fe\" data-element_type=\"container\" data-e-type=\"container\">\n\t\t\t\t<div class=\"elementor-element elementor-element-7824f1f elementor-widget elementor-widget-image\" data-id=\"7824f1f\" data-element_type=\"widget\" data-e-type=\"widget\" data-widget_type=\"image.default\">\n\t\t\t\t\t\t\t\t\t\t\t\t\t\t\t<img fetchpriority=\"high\" decoding=\"async\" width=\"550\" height=\"314\" src=\"https:\/\/artikeauzoa.com\/wp-content\/uploads\/2026\/03\/imgi_15_canva-MAG3GioIJds.jpg\" class=\"attachment-large size-large wp-image-340\" alt=\"\" srcset=\"https:\/\/artikeauzoa.com\/wp-content\/uploads\/2026\/03\/imgi_15_canva-MAG3GioIJds.jpg 550w, https:\/\/artikeauzoa.com\/wp-content\/uploads\/2026\/03\/imgi_15_canva-MAG3GioIJds-300x171.jpg 300w, https:\/\/artikeauzoa.com\/wp-content\/uploads\/2026\/03\/imgi_15_canva-MAG3GioIJds-18x10.jpg 18w\" sizes=\"(max-width: 550px) 100vw, 550px\" \/>\t\t\t\t\t\t\t\t\t\t\t\t\t\t\t<\/div>\n\t\t\t\t<\/div>\n\t\t<div class=\"elementor-element elementor-element-ef7941e e-con-full e-flex e-con e-child\" data-id=\"ef7941e\" data-element_type=\"container\" data-e-type=\"container\">\n\t\t\t\t<div class=\"elementor-element elementor-element-861f2ab elementor-widget elementor-widget-image\" data-id=\"861f2ab\" data-element_type=\"widget\" data-e-type=\"widget\" data-widget_type=\"image.default\">\n\t\t\t\t\t\t\t\t\t\t\t\t\t\t\t<img decoding=\"async\" width=\"800\" height=\"363\" src=\"https:\/\/artikeauzoa.com\/wp-content\/uploads\/2026\/03\/imgi_1_uri_ifs3A2F2FM2F02a324e7-8296-4955-9d7e-039d01098630-1024x465.webp\" class=\"attachment-large size-large wp-image-345\" alt=\"\" srcset=\"https:\/\/artikeauzoa.com\/wp-content\/uploads\/2026\/03\/imgi_1_uri_ifs3A2F2FM2F02a324e7-8296-4955-9d7e-039d01098630-1024x465.webp 1024w, https:\/\/artikeauzoa.com\/wp-content\/uploads\/2026\/03\/imgi_1_uri_ifs3A2F2FM2F02a324e7-8296-4955-9d7e-039d01098630-300x136.webp 300w, https:\/\/artikeauzoa.com\/wp-content\/uploads\/2026\/03\/imgi_1_uri_ifs3A2F2FM2F02a324e7-8296-4955-9d7e-039d01098630-768x349.webp 768w, https:\/\/artikeauzoa.com\/wp-content\/uploads\/2026\/03\/imgi_1_uri_ifs3A2F2FM2F02a324e7-8296-4955-9d7e-039d01098630-1536x698.webp 1536w, https:\/\/artikeauzoa.com\/wp-content\/uploads\/2026\/03\/imgi_1_uri_ifs3A2F2FM2F02a324e7-8296-4955-9d7e-039d01098630-18x8.webp 18w, https:\/\/artikeauzoa.com\/wp-content\/uploads\/2026\/03\/imgi_1_uri_ifs3A2F2FM2F02a324e7-8296-4955-9d7e-039d01098630.webp 1600w\" sizes=\"(max-width: 800px) 100vw, 800px\" \/>\t\t\t\t\t\t\t\t\t\t\t\t\t\t\t<\/div>\n\t\t\t\t<\/div>\n\t\t<div class=\"elementor-element elementor-element-0f7b279 e-con-full e-flex e-con e-child\" data-id=\"0f7b279\" data-element_type=\"container\" data-e-type=\"container\">\n\t\t\t\t<div class=\"elementor-element elementor-element-6c4753d elementor-widget elementor-widget-text-editor\" data-id=\"6c4753d\" data-element_type=\"widget\" data-e-type=\"widget\" data-widget_type=\"text-editor.default\">\n\t\t\t\t\t\t\t\t\t<p>Gainera, hainbat beharretara egokitutako alokairuko lokal komertzialak eskaintzen ditugu, kokapen estrategikoetan espazio moldakorrak dituzten negozio eta profesionalei lagunduz.<\/p>\t\t\t\t\t\t\t\t<\/div>\n\t\t\t\t<\/div>\n\t\t\t\t\t<\/div>\n\t\t\t\t<\/div>\n\t\t<div class=\"elementor-element elementor-element-9062439 e-flex e-con-boxed e-con e-parent\" data-id=\"9062439\" data-element_type=\"container\" data-e-type=\"container\" data-settings=\"{&quot;background_background&quot;:&quot;classic&quot;,&quot;shape_divider_bottom&quot;:&quot;tilt&quot;}\">\n\t\t\t\t\t<div class=\"e-con-inner\">\n\t\t\t\t<div class=\"elementor-shape elementor-shape-bottom\" aria-hidden=\"true\" data-negative=\"false\">\n\t\t\t<svg xmlns=\"http:\/\/www.w3.org\/2000\/svg\" viewbox=\"0 0 1000 100\" preserveaspectratio=\"none\">\n\t<path class=\"elementor-shape-fill\" d=\"M0,6V0h1000v100L0,6z\"\/>\n<\/svg>\t\t<\/div>\n\t\t\t\t\t<\/div>\n\t\t\t\t<\/div>\n\t\t<div class=\"elementor-element elementor-element-8d04a11 e-flex e-con-boxed e-con e-parent\" data-id=\"8d04a11\" data-element_type=\"container\" data-e-type=\"container\" data-settings=\"{&quot;background_background&quot;:&quot;classic&quot;}\">\n\t\t\t\t\t<div class=\"e-con-inner\">\n\t\t\t\t<div class=\"elementor-element elementor-element-144809d elementor-widget elementor-widget-heading\" data-id=\"144809d\" data-element_type=\"widget\" data-e-type=\"widget\" data-widget_type=\"heading.default\">\n\t\t\t\t\t<h2 class=\"elementor-heading-title elementor-size-default\">Ezagutu nola sor dezakegun zuretzako espazio perfektua.<\/h2>\t\t\t\t<\/div>\n\t\t\t\t<div class=\"elementor-element elementor-element-91c2a66 elementor-widget elementor-widget-button\" data-id=\"91c2a66\" data-element_type=\"widget\" data-e-type=\"widget\" data-widget_type=\"button.default\">\n\t\t\t\t\t\t\t\t\t\t<a class=\"elementor-button elementor-button-link elementor-size-sm\" href=\"\/eu\/servicios\/\">\n\t\t\t\t\t\t<span class=\"elementor-button-content-wrapper\">\n\t\t\t\t\t\t\t\t\t<span class=\"elementor-button-text\">Zerbitzuak<\/span>\n\t\t\t\t\t<\/span>\n\t\t\t\t\t<\/a>\n\t\t\t\t\t\t\t\t<\/div>\n\t\t\t\t\t<\/div>\n\t\t\t\t<\/div>\n\t\t\t\t<\/div>","protected":false},"excerpt":{"rendered":"<p>Artike Auzoa Especialistas en la promoci\u00f3n y construcci\u00f3n de viviendas, as\u00ed como en el alquiler de locales. Servicios Qui\u00e9nes Somos y Qu\u00e9 Hacemos En Artike Auzoa nos especializamos en la promoci\u00f3n y construcci\u00f3n de viviendas, desarrollando proyectos que combinan calidad, dise\u00f1o y funcionalidad. Creamos espacios pensados para el bienestar y la comodidad de las personas. [&hellip;]<\/p>\n","protected":false},"author":1,"featured_media":0,"parent":0,"menu_order":0,"comment_status":"closed","ping_status":"closed","template":"elementor_canvas","meta":{"footnotes":""},"class_list":["post-9","page","type-page","status-publish","hentry"],"yoast_head":"<!-- This site is optimized with the Yoast SEO plugin v27.5 - https:\/\/yoast.com\/product\/yoast-seo-wordpress\/ -->\n<title>Inicio - Artike Auzoa, S.A<\/title>\n<meta name=\"robots\" content=\"index, follow, max-snippet:-1, max-image-preview:large, max-video-preview:-1\" \/>\n<link rel=\"canonical\" href=\"https:\/\/artikeauzoa.com\/eu\/\" \/>\n<meta property=\"og:locale\" content=\"en_US\" \/>\n<meta property=\"og:type\" content=\"article\" \/>\n<meta property=\"og:title\" content=\"Inicio - Artike Auzoa, S.A\" \/>\n<meta property=\"og:description\" content=\"Artike Auzoa Especialistas en la promoci\u00f3n y construcci\u00f3n de viviendas, as\u00ed como en el alquiler de locales. Servicios Qui\u00e9nes Somos y Qu\u00e9 Hacemos En Artike Auzoa nos especializamos en la promoci\u00f3n y construcci\u00f3n de viviendas, desarrollando proyectos que combinan calidad, dise\u00f1o y funcionalidad. Creamos espacios pensados para el bienestar y la comodidad de las personas. [&hellip;]\" \/>\n<meta property=\"og:url\" content=\"https:\/\/artikeauzoa.com\/eu\/\" \/>\n<meta property=\"og:site_name\" content=\"Artike Auzoa, S.A\" \/>\n<meta property=\"article:modified_time\" content=\"2026-03-27T10:44:25+00:00\" \/>\n<meta property=\"og:image\" content=\"https:\/\/artikeauzoa.com\/wp-content\/uploads\/2026\/03\/imgi_15_canva-MAG3GioIJds.jpg\" \/>\n\t<meta property=\"og:image:width\" content=\"550\" \/>\n\t<meta property=\"og:image:height\" content=\"314\" \/>\n\t<meta property=\"og:image:type\" content=\"image\/jpeg\" \/>\n<meta name=\"twitter:card\" content=\"summary_large_image\" \/>\n<meta name=\"twitter:label1\" content=\"Est. reading time\" \/>\n\t<meta name=\"twitter:data1\" content=\"1 minutua\" \/>\n<script type=\"application\/ld+json\" class=\"yoast-schema-graph\">{\"@context\":\"https:\\\/\\\/schema.org\",\"@graph\":[{\"@type\":\"WebPage\",\"@id\":\"https:\\\/\\\/artikeauzoa.com\\\/\",\"url\":\"https:\\\/\\\/artikeauzoa.com\\\/\",\"name\":\"Inicio - Artike Auzoa, S.A\",\"isPartOf\":{\"@id\":\"https:\\\/\\\/artikeauzoa.com\\\/#website\"},\"primaryImageOfPage\":{\"@id\":\"https:\\\/\\\/artikeauzoa.com\\\/#primaryimage\"},\"image\":{\"@id\":\"https:\\\/\\\/artikeauzoa.com\\\/#primaryimage\"},\"thumbnailUrl\":\"https:\\\/\\\/artikeauzoa.com\\\/wp-content\\\/uploads\\\/2026\\\/03\\\/imgi_15_canva-MAG3GioIJds.jpg\",\"datePublished\":\"2026-03-24T10:38:44+00:00\",\"dateModified\":\"2026-03-27T10:44:25+00:00\",\"breadcrumb\":{\"@id\":\"https:\\\/\\\/artikeauzoa.com\\\/#breadcrumb\"},\"inLanguage\":\"eu\",\"potentialAction\":[{\"@type\":\"ReadAction\",\"target\":[\"https:\\\/\\\/artikeauzoa.com\\\/\"]}]},{\"@type\":\"ImageObject\",\"inLanguage\":\"eu\",\"@id\":\"https:\\\/\\\/artikeauzoa.com\\\/#primaryimage\",\"url\":\"https:\\\/\\\/artikeauzoa.com\\\/wp-content\\\/uploads\\\/2026\\\/03\\\/imgi_15_canva-MAG3GioIJds.jpg\",\"contentUrl\":\"https:\\\/\\\/artikeauzoa.com\\\/wp-content\\\/uploads\\\/2026\\\/03\\\/imgi_15_canva-MAG3GioIJds.jpg\"},{\"@type\":\"BreadcrumbList\",\"@id\":\"https:\\\/\\\/artikeauzoa.com\\\/#breadcrumb\",\"itemListElement\":[{\"@type\":\"ListItem\",\"position\":1,\"name\":\"Portada\",\"item\":\"https:\\\/\\\/artikeauzoa.com\\\/\"},{\"@type\":\"ListItem\",\"position\":2,\"name\":\"Inicio\"}]},{\"@type\":\"WebSite\",\"@id\":\"https:\\\/\\\/artikeauzoa.com\\\/#website\",\"url\":\"https:\\\/\\\/artikeauzoa.com\\\/\",\"name\":\"Artike Auzoa, S.A\",\"description\":\"Promoci\u00f3n, construcci\u00f3n y alquiler de viviendas\",\"publisher\":{\"@id\":\"https:\\\/\\\/artikeauzoa.com\\\/#organization\"},\"potentialAction\":[{\"@type\":\"SearchAction\",\"target\":{\"@type\":\"EntryPoint\",\"urlTemplate\":\"https:\\\/\\\/artikeauzoa.com\\\/?s={search_term_string}\"},\"query-input\":{\"@type\":\"PropertyValueSpecification\",\"valueRequired\":true,\"valueName\":\"search_term_string\"}}],\"inLanguage\":\"eu\"},{\"@type\":\"Organization\",\"@id\":\"https:\\\/\\\/artikeauzoa.com\\\/#organization\",\"name\":\"Artike Auzoa, S.A\",\"url\":\"https:\\\/\\\/artikeauzoa.com\\\/\",\"logo\":{\"@type\":\"ImageObject\",\"inLanguage\":\"eu\",\"@id\":\"https:\\\/\\\/artikeauzoa.com\\\/#\\\/schema\\\/logo\\\/image\\\/\",\"url\":\"https:\\\/\\\/artikeauzoa.com\\\/wp-content\\\/uploads\\\/2026\\\/03\\\/cropped-1.png\",\"contentUrl\":\"https:\\\/\\\/artikeauzoa.com\\\/wp-content\\\/uploads\\\/2026\\\/03\\\/cropped-1.png\",\"width\":1239,\"height\":786,\"caption\":\"Artike Auzoa, S.A\"},\"image\":{\"@id\":\"https:\\\/\\\/artikeauzoa.com\\\/#\\\/schema\\\/logo\\\/image\\\/\"}}]}<\/script>\n<!-- \/ Yoast SEO plugin. -->","yoast_head_json":{"title":"Inicio - Artike Auzoa, S.A","robots":{"index":"index","follow":"follow","max-snippet":"max-snippet:-1","max-image-preview":"max-image-preview:large","max-video-preview":"max-video-preview:-1"},"canonical":"https:\/\/artikeauzoa.com\/eu\/","og_locale":"en_US","og_type":"article","og_title":"Inicio - Artike Auzoa, S.A","og_description":"Artike Auzoa Especialistas en la promoci\u00f3n y construcci\u00f3n de viviendas, as\u00ed como en el alquiler de locales. Servicios Qui\u00e9nes Somos y Qu\u00e9 Hacemos En Artike Auzoa nos especializamos en la promoci\u00f3n y construcci\u00f3n de viviendas, desarrollando proyectos que combinan calidad, dise\u00f1o y funcionalidad. Creamos espacios pensados para el bienestar y la comodidad de las personas. [&hellip;]","og_url":"https:\/\/artikeauzoa.com\/eu\/","og_site_name":"Artike Auzoa, S.A","article_modified_time":"2026-03-27T10:44:25+00:00","og_image":[{"width":550,"height":314,"url":"https:\/\/artikeauzoa.com\/wp-content\/uploads\/2026\/03\/imgi_15_canva-MAG3GioIJds.jpg","type":"image\/jpeg"}],"twitter_card":"summary_large_image","twitter_misc":{"Est. reading time":"1 minutua"},"schema":{"@context":"https:\/\/schema.org","@graph":[{"@type":"WebPage","@id":"https:\/\/artikeauzoa.com\/","url":"https:\/\/artikeauzoa.com\/","name":"Inicio - Artike Auzoa, S.A","isPartOf":{"@id":"https:\/\/artikeauzoa.com\/#website"},"primaryImageOfPage":{"@id":"https:\/\/artikeauzoa.com\/#primaryimage"},"image":{"@id":"https:\/\/artikeauzoa.com\/#primaryimage"},"thumbnailUrl":"https:\/\/artikeauzoa.com\/wp-content\/uploads\/2026\/03\/imgi_15_canva-MAG3GioIJds.jpg","datePublished":"2026-03-24T10:38:44+00:00","dateModified":"2026-03-27T10:44:25+00:00","breadcrumb":{"@id":"https:\/\/artikeauzoa.com\/#breadcrumb"},"inLanguage":"eu","potentialAction":[{"@type":"ReadAction","target":["https:\/\/artikeauzoa.com\/"]}]},{"@type":"ImageObject","inLanguage":"eu","@id":"https:\/\/artikeauzoa.com\/#primaryimage","url":"https:\/\/artikeauzoa.com\/wp-content\/uploads\/2026\/03\/imgi_15_canva-MAG3GioIJds.jpg","contentUrl":"https:\/\/artikeauzoa.com\/wp-content\/uploads\/2026\/03\/imgi_15_canva-MAG3GioIJds.jpg"},{"@type":"BreadcrumbList","@id":"https:\/\/artikeauzoa.com\/#breadcrumb","itemListElement":[{"@type":"ListItem","position":1,"name":"Portada","item":"https:\/\/artikeauzoa.com\/"},{"@type":"ListItem","position":2,"name":"Inicio"}]},{"@type":"WebSite","@id":"https:\/\/artikeauzoa.com\/#website","url":"https:\/\/artikeauzoa.com\/","name":"Artike Auzoa, S.A","description":"Promoci\u00f3n, construcci\u00f3n y alquiler de viviendas","publisher":{"@id":"https:\/\/artikeauzoa.com\/#organization"},"potentialAction":[{"@type":"SearchAction","target":{"@type":"EntryPoint","urlTemplate":"https:\/\/artikeauzoa.com\/?s={search_term_string}"},"query-input":{"@type":"PropertyValueSpecification","valueRequired":true,"valueName":"search_term_string"}}],"inLanguage":"eu"},{"@type":"Organization","@id":"https:\/\/artikeauzoa.com\/#organization","name":"Artike Auzoa, S.A","url":"https:\/\/artikeauzoa.com\/","logo":{"@type":"ImageObject","inLanguage":"eu","@id":"https:\/\/artikeauzoa.com\/#\/schema\/logo\/image\/","url":"https:\/\/artikeauzoa.com\/wp-content\/uploads\/2026\/03\/cropped-1.png","contentUrl":"https:\/\/artikeauzoa.com\/wp-content\/uploads\/2026\/03\/cropped-1.png","width":1239,"height":786,"caption":"Artike Auzoa, S.A"},"image":{"@id":"https:\/\/artikeauzoa.com\/#\/schema\/logo\/image\/"}}]}},"_links":{"self":[{"href":"https:\/\/artikeauzoa.com\/eu\/wp-json\/wp\/v2\/pages\/9","targetHints":{"allow":["GET"]}}],"collection":[{"href":"https:\/\/artikeauzoa.com\/eu\/wp-json\/wp\/v2\/pages"}],"about":[{"href":"https:\/\/artikeauzoa.com\/eu\/wp-json\/wp\/v2\/types\/page"}],"author":[{"embeddable":true,"href":"https:\/\/artikeauzoa.com\/eu\/wp-json\/wp\/v2\/users\/1"}],"replies":[{"embeddable":true,"href":"https:\/\/artikeauzoa.com\/eu\/wp-json\/wp\/v2\/comments?post=9"}],"version-history":[{"count":208,"href":"https:\/\/artikeauzoa.com\/eu\/wp-json\/wp\/v2\/pages\/9\/revisions"}],"predecessor-version":[{"id":698,"href":"https:\/\/artikeauzoa.com\/eu\/wp-json\/wp\/v2\/pages\/9\/revisions\/698"}],"wp:attachment":[{"href":"https:\/\/artikeauzoa.com\/eu\/wp-json\/wp\/v2\/media?parent=9"}],"curies":[{"name":"wp","href":"https:\/\/api.w.org\/{rel}","templated":true}]}}